{"id":7,"date":"2026-02-04T21:51:26","date_gmt":"2026-02-05T00:51:26","guid":{"rendered":"https:\/\/sensationsradio.free.nf\/w\/?page_id=7"},"modified":"2026-03-01T11:16:20","modified_gmt":"2026-03-01T14:16:20","slug":"entrevistas","status":"publish","type":"page","link":"https:\/\/sensationsradio.site\/w\/entrevistas\/","title":{"rendered":"Entrevistas"},"content":{"rendered":"\t\t<div data-elementor-type=\"wp-page\" data-elementor-id=\"7\" class=\"elementor elementor-7\" data-elementor-post-type=\"page\">\n\t\t\t\t<div class=\"elementor-element elementor-element-cd1f66d e-flex e-con-boxed e-con e-parent\" data-id=\"cd1f66d\" data-element_type=\"container\" data-e-type=\"container\">\n\t\t\t\t\t<div class=\"e-con-inner\">\n\t\t<div class=\"elementor-element elementor-element-2239a0b e-con-full e-flex e-con e-child\" data-id=\"2239a0b\" data-element_type=\"container\" data-e-type=\"container\" data-settings=\"{&quot;background_background&quot;:&quot;slideshow&quot;,&quot;background_slideshow_gallery&quot;:[],&quot;background_slideshow_loop&quot;:&quot;yes&quot;,&quot;background_slideshow_slide_duration&quot;:5000,&quot;background_slideshow_slide_transition&quot;:&quot;fade&quot;,&quot;background_slideshow_transition_duration&quot;:500}\">\n\t\t<div class=\"elementor-element elementor-element-475a5e9 e-grid e-con-full e-con e-child\" data-id=\"475a5e9\" data-element_type=\"container\" data-e-type=\"container\" data-settings=\"{&quot;background_background&quot;:&quot;slideshow&quot;,&quot;background_slideshow_gallery&quot;:[{&quot;id&quot;:378,&quot;url&quot;:&quot;https:\\\/\\\/sensationsradio.site\\\/w\\\/wp-content\\\/uploads\\\/2026\\\/03\\\/sasiepre-podcast-7858222_1280.png&quot;}],&quot;background_slideshow_loop&quot;:&quot;yes&quot;,&quot;background_slideshow_slide_duration&quot;:5000,&quot;background_slideshow_slide_transition&quot;:&quot;fade&quot;,&quot;background_slideshow_transition_duration&quot;:500}\">\n\t\t\t\t<\/div>\n\t\t\t\t<\/div>\n\t\t\t\t<div class=\"elementor-element elementor-element-9d0d274 elementor-widget elementor-widget-heading\" data-id=\"9d0d274\" data-element_type=\"widget\" data-e-type=\"widget\" data-widget_type=\"heading.default\">\n\t\t\t\t\t<h2 class=\"elementor-heading-title elementor-size-default\">Voces, ideas y experiencias de la escena electr\u00f3nica.<\/h2>\t\t\t\t<\/div>\n\t\t\t\t\t<\/div>\n\t\t\t\t<\/div>\n\t\t<div class=\"elementor-element elementor-element-d874a26 e-flex e-con-boxed e-con e-parent\" data-id=\"d874a26\" data-element_type=\"container\" data-e-type=\"container\">\n\t\t\t\t\t<div class=\"e-con-inner\">\n\t\t\t\t<div class=\"elementor-element elementor-element-bdc35e0 elementor-widget elementor-widget-text-editor\" data-id=\"bdc35e0\" data-element_type=\"widget\" data-e-type=\"widget\" data-widget_type=\"text-editor.default\">\n\t\t\t\t\t\t\t\t\t<p data-start=\"149\" data-end=\"382\">En esta secci\u00f3n conversamos con DJs, productores, artistas y referentes de la cultura electr\u00f3nica, para conocer su recorrido, su visi\u00f3n y lo que hay detr\u00e1s de cada proyecto.<\/p><p data-start=\"384\" data-end=\"496\">Charlas reales, sin filtro, sobre m\u00fasica, procesos creativos y la movida electr\u00f3nica, desde La Pampa y m\u00e1s all\u00e1.<\/p>\t\t\t\t\t\t\t\t<\/div>\n\t\t\t\t\t<\/div>\n\t\t\t\t<\/div>\n\t\t<div class=\"elementor-element elementor-element-af01c4d e-flex e-con-boxed e-con e-parent\" data-id=\"af01c4d\" data-element_type=\"container\" data-e-type=\"container\">\n\t\t\t\t\t<div class=\"e-con-inner\">\n\t\t\t\t<div class=\"elementor-element elementor-element-f98f8b4 elementor-grid-2 elementor-grid-tablet-2 elementor-grid-mobile-1 elementor-posts--thumbnail-top elementor-posts--show-avatar elementor-card-shadow-yes elementor-posts__hover-gradient elementor-widget elementor-widget-posts\" data-id=\"f98f8b4\" data-element_type=\"widget\" data-e-type=\"widget\" data-settings=\"{&quot;cards_columns&quot;:&quot;2&quot;,&quot;cards_columns_tablet&quot;:&quot;2&quot;,&quot;cards_columns_mobile&quot;:&quot;1&quot;,&quot;cards_row_gap&quot;:{&quot;unit&quot;:&quot;px&quot;,&quot;size&quot;:35,&quot;sizes&quot;:[]},&quot;cards_row_gap_tablet&quot;:{&quot;unit&quot;:&quot;px&quot;,&quot;size&quot;:&quot;&quot;,&quot;sizes&quot;:[]},&quot;cards_row_gap_mobile&quot;:{&quot;unit&quot;:&quot;px&quot;,&quot;size&quot;:&quot;&quot;,&quot;sizes&quot;:[]}}\" data-widget_type=\"posts.cards\">\n\t\t\t\t<div class=\"elementor-widget-container\">\n\t\t\t\t\t\t\t<div class=\"elementor-posts-container elementor-posts elementor-posts--skin-cards elementor-grid\" role=\"list\">\n\t\t\t\t<article class=\"elementor-post elementor-grid-item post-200 post type-post status-publish format-standard hentry category-entrevistas\" role=\"listitem\">\n\t\t\t<div class=\"elementor-post__card\">\n\t\t\t\t<div class=\"elementor-post__text\">\n\t\t\t\t<h3 class=\"elementor-post__title\">\n\t\t\t<a href=\"https:\/\/sensationsradio.site\/w\/dj-chus-en-exclusiva-desde-madrid-hablando-con-sensations\/\" >\n\t\t\t\t\u00a1DJ CHUS EN EXCLUSIVA DESDE MADRID, HABLANDO CON SENSATIONS!\t\t\t<\/a>\n\t\t<\/h3>\n\t\t\t\t<div class=\"elementor-post__excerpt\">\n\t\t\t<p>\u00daltimo podcast del a\u00f1o, \u00a1y lo despedimos de la mejor manera!, tuvimos la palabra de DJ CHUS\u00a0 , en exclusiva desde Madrid, Espa\u00f1a , conversamos<\/p>\n\t\t<\/div>\n\t\t\n\t\t<a class=\"elementor-post__read-more\" href=\"https:\/\/sensationsradio.site\/w\/dj-chus-en-exclusiva-desde-madrid-hablando-con-sensations\/\" aria-label=\"Read more about \u00a1DJ CHUS EN EXCLUSIVA DESDE MADRID, HABLANDO CON SENSATIONS!\" tabindex=\"-1\" >\n\t\t\tRead More \u00bb\t\t<\/a>\n\n\t\t\t\t<\/div>\n\t\t\t\t<div class=\"elementor-post__meta-data\">\n\t\t\t\t\t<span class=\"elementor-post-date\">\n\t\t\t7 febrero, 2026\t\t<\/span>\n\t\t\t\t<span class=\"elementor-post-avatar\">\n\t\t\tNo hay comentarios\t\t<\/span>\n\t\t\t\t<\/div>\n\t\t\t\t\t<\/div>\n\t\t<\/article>\n\t\t\t\t<\/div>\n\t\t\n\t\t\t\t\t\t<\/div>\n\t\t\t\t<\/div>\n\t\t\t\t\t<\/div>\n\t\t\t\t<\/div>\n\t\t\t\t<\/div>\n\t\t","protected":false},"excerpt":{"rendered":"<p>Voces, ideas y experiencias de la escena electr\u00f3nica. En esta secci\u00f3n conversamos con DJs, productores, artistas y referentes de la cultura electr\u00f3nica, para conocer su recorrido, su visi\u00f3n y lo que hay detr\u00e1s de cada proyecto. Charlas reales, sin filtro, sobre m\u00fasica, procesos creativos y la movida electr\u00f3nica, desde La Pampa y m\u00e1s all\u00e1.<\/p>\n","protected":false},"author":1,"featured_media":0,"parent":0,"menu_order":0,"comment_status":"closed","ping_status":"closed","template":"","meta":{"footnotes":""},"class_list":["post-7","page","type-page","status-publish","hentry"],"_links":{"self":[{"href":"https:\/\/sensationsradio.site\/w\/wp-json\/wp\/v2\/pages\/7","targetHints":{"allow":["GET"]}}],"collection":[{"href":"https:\/\/sensationsradio.site\/w\/wp-json\/wp\/v2\/pages"}],"about":[{"href":"https:\/\/sensationsradio.site\/w\/wp-json\/wp\/v2\/types\/page"}],"author":[{"embeddable":true,"href":"https:\/\/sensationsradio.site\/w\/wp-json\/wp\/v2\/users\/1"}],"replies":[{"embeddable":true,"href":"https:\/\/sensationsradio.site\/w\/wp-json\/wp\/v2\/comments?post=7"}],"version-history":[{"count":24,"href":"https:\/\/sensationsradio.site\/w\/wp-json\/wp\/v2\/pages\/7\/revisions"}],"predecessor-version":[{"id":397,"href":"https:\/\/sensationsradio.site\/w\/wp-json\/wp\/v2\/pages\/7\/revisions\/397"}],"wp:attachment":[{"href":"https:\/\/sensationsradio.site\/w\/wp-json\/wp\/v2\/media?parent=7"}],"curies":[{"name":"wp","href":"https:\/\/api.w.org\/{rel}","templated":true}]}}