{"id":29,"date":"2026-02-05T20:52:16","date_gmt":"2026-02-05T23:52:16","guid":{"rendered":"https:\/\/sensationsradio.free.nf\/w\/?page_id=29"},"modified":"2026-03-01T11:25:13","modified_gmt":"2026-03-01T14:25:13","slug":"noticias","status":"publish","type":"page","link":"https:\/\/sensationsradio.site\/w\/noticias\/","title":{"rendered":"Noticias"},"content":{"rendered":"\t\t<div data-elementor-type=\"wp-page\" data-elementor-id=\"29\" class=\"elementor elementor-29\" data-elementor-post-type=\"page\">\n\t\t\t\t<div class=\"elementor-element elementor-element-4769d83 e-flex e-con-boxed e-con e-parent\" data-id=\"4769d83\" data-element_type=\"container\" data-e-type=\"container\">\n\t\t\t\t\t<div class=\"e-con-inner\">\n\t\t<div class=\"elementor-element elementor-element-7d49f07 e-con-full e-flex e-con e-child\" data-id=\"7d49f07\" data-element_type=\"container\" data-e-type=\"container\">\n\t\t<div class=\"elementor-element elementor-element-8b45940 e-con-full e-flex e-con e-child\" data-id=\"8b45940\" data-element_type=\"container\" data-e-type=\"container\" data-settings=\"{&quot;background_background&quot;:&quot;slideshow&quot;,&quot;background_slideshow_gallery&quot;:[{&quot;id&quot;:137,&quot;url&quot;:&quot;https:\\\/\\\/sensationsradio.site\\\/w\\\/wp-content\\\/uploads\\\/2026\\\/02\\\/gigxels-headphones-6159058_1280.jpg&quot;}],&quot;background_slideshow_loop&quot;:&quot;yes&quot;,&quot;background_slideshow_slide_duration&quot;:5000,&quot;background_slideshow_slide_transition&quot;:&quot;fade&quot;,&quot;background_slideshow_transition_duration&quot;:500}\">\n\t\t\t\t<\/div>\n\t\t\t\t<div class=\"elementor-element elementor-element-a840217 elementor-widget elementor-widget-text-editor\" data-id=\"a840217\" data-element_type=\"widget\" data-e-type=\"widget\" data-widget_type=\"text-editor.default\">\n\t\t\t\t\t\t\t\t\t<h3>Coberturas, novedades y lanzamientos<\/h3>\t\t\t\t\t\t\t\t<\/div>\n\t\t\t\t<div class=\"elementor-element elementor-element-53baf2a elementor-grid-1 elementor-grid-tablet-2 elementor-grid-mobile-1 elementor-posts--thumbnail-top elementor-widget elementor-widget-posts\" data-id=\"53baf2a\" data-element_type=\"widget\" data-e-type=\"widget\" data-settings=\"{&quot;classic_columns&quot;:&quot;1&quot;,&quot;classic_columns_tablet&quot;:&quot;2&quot;,&quot;classic_columns_mobile&quot;:&quot;1&quot;,&quot;classic_row_gap&quot;:{&quot;unit&quot;:&quot;px&quot;,&quot;size&quot;:35,&quot;sizes&quot;:[]},&quot;classic_row_gap_tablet&quot;:{&quot;unit&quot;:&quot;px&quot;,&quot;size&quot;:&quot;&quot;,&quot;sizes&quot;:[]},&quot;classic_row_gap_mobile&quot;:{&quot;unit&quot;:&quot;px&quot;,&quot;size&quot;:&quot;&quot;,&quot;sizes&quot;:[]}}\" data-widget_type=\"posts.classic\">\n\t\t\t\t<div class=\"elementor-widget-container\">\n\t\t\t\t\t\t\t<div class=\"elementor-posts-container elementor-posts elementor-posts--skin-classic elementor-grid\" role=\"list\">\n\t\t\t\t<article class=\"elementor-post elementor-grid-item post-428 post type-post status-publish format-standard hentry category-blog-noticias\" role=\"listitem\">\n\t\t\t\t<div class=\"elementor-post__text\">\n\t\t\t\t<h2 class=\"elementor-post__title\">\n\t\t\t<a href=\"https:\/\/sensationsradio.site\/w\/a-10-anos-de-la-tragedia-de-time-warp-memoria-conciencia-y-respeto\/\" >\n\t\t\t\tA 10 A\u00d1OS DE LA TRAGEDIA DE TIME WARP: MEMORIA, CONCIENCIA Y RESPETO.\t\t\t<\/a>\n\t\t<\/h2>\n\t\t\t\t<div class=\"elementor-post__meta-data\">\n\t\t\t\t\t<span class=\"elementor-post-date\">\n\t\t\t16 abril, 2026\t\t<\/span>\n\t\t\t\t<span class=\"elementor-post-avatar\">\n\t\t\tNo hay comentarios\t\t<\/span>\n\t\t\t\t<\/div>\n\t\t\t\t<div class=\"elementor-post__excerpt\">\n\t\t\t<p>El 16 de abril de 2016, en Costa Salguero. Esa noche murieron cinco j\u00f3venes (y luego un sexto) por consumo de drogas sint\u00e9ticas en un<\/p>\n\t\t<\/div>\n\t\t\t\t\t<div class=\"elementor-post__read-more-wrapper\">\n\t\t\n\t\t<a class=\"elementor-post__read-more\" href=\"https:\/\/sensationsradio.site\/w\/a-10-anos-de-la-tragedia-de-time-warp-memoria-conciencia-y-respeto\/\" aria-label=\"Read more about A 10 A\u00d1OS DE LA TRAGEDIA DE TIME WARP: MEMORIA, CONCIENCIA Y RESPETO.\" tabindex=\"-1\" >\n\t\t\tLeer M\u00e1s... \u00bb\t\t<\/a>\n\n\t\t\t\t\t<\/div>\n\t\t\t\t<\/div>\n\t\t\t\t<\/article>\n\t\t\t\t<article class=\"elementor-post elementor-grid-item post-425 post type-post status-publish format-standard hentry category-blog-noticias\" role=\"listitem\">\n\t\t\t\t<div class=\"elementor-post__text\">\n\t\t\t\t<h2 class=\"elementor-post__title\">\n\t\t\t<a href=\"https:\/\/sensationsradio.site\/w\/el-cuidado-de-los-oidos-y-el-negocio-de-los-protectores-auditivos\/\" >\n\t\t\t\tEL CUIDADO DE LOS O\u00cdDOS Y EL NEGOCIO DE LOS PROTECTORES AUDITIVOS\t\t\t<\/a>\n\t\t<\/h2>\n\t\t\t\t<div class=\"elementor-post__meta-data\">\n\t\t\t\t\t<span class=\"elementor-post-date\">\n\t\t\t5 marzo, 2026\t\t<\/span>\n\t\t\t\t<span class=\"elementor-post-avatar\">\n\t\t\tNo hay comentarios\t\t<\/span>\n\t\t\t\t<\/div>\n\t\t\t\t<div class=\"elementor-post__excerpt\">\n\t\t\t<p>En los \u00faltimos a\u00f1os se empez\u00f3 a hablar cada vez m\u00e1s del cuidado de los o\u00eddos. Y tiene sentido. Vivimos rodeados de sonido: m\u00fasica fuerte,<\/p>\n\t\t<\/div>\n\t\t\t\t\t<div class=\"elementor-post__read-more-wrapper\">\n\t\t\n\t\t<a class=\"elementor-post__read-more\" href=\"https:\/\/sensationsradio.site\/w\/el-cuidado-de-los-oidos-y-el-negocio-de-los-protectores-auditivos\/\" aria-label=\"Read more about EL CUIDADO DE LOS O\u00cdDOS Y EL NEGOCIO DE LOS PROTECTORES AUDITIVOS\" tabindex=\"-1\" >\n\t\t\tLeer M\u00e1s... \u00bb\t\t<\/a>\n\n\t\t\t\t\t<\/div>\n\t\t\t\t<\/div>\n\t\t\t\t<\/article>\n\t\t\t\t<article class=\"elementor-post elementor-grid-item post-214 post type-post status-publish format-standard hentry category-blog-noticias\" role=\"listitem\">\n\t\t\t\t<div class=\"elementor-post__text\">\n\t\t\t\t<h2 class=\"elementor-post__title\">\n\t\t\t<a href=\"https:\/\/sensationsradio.site\/w\/electronica-en-la-pampa-memoria-crecimiento-y-desafio\/\" >\n\t\t\t\tELECTR\u00d3NICA EN LA PAMPA: MEMORIA, CRECIMIENTO Y DESAF\u00cdO\t\t\t<\/a>\n\t\t<\/h2>\n\t\t\t\t<div class=\"elementor-post__meta-data\">\n\t\t\t\t\t<span class=\"elementor-post-date\">\n\t\t\t7 febrero, 2026\t\t<\/span>\n\t\t\t\t<span class=\"elementor-post-avatar\">\n\t\t\tNo hay comentarios\t\t<\/span>\n\t\t\t\t<\/div>\n\t\t\t\t<div class=\"elementor-post__excerpt\">\n\t\t\t<p>La electr\u00f3nica en La Pampa no apareci\u00f3 de golpe ni como una moda importada. Comenz\u00f3 a tomar forma en espacios que hoy ya son parte<\/p>\n\t\t<\/div>\n\t\t\t\t\t<div class=\"elementor-post__read-more-wrapper\">\n\t\t\n\t\t<a class=\"elementor-post__read-more\" href=\"https:\/\/sensationsradio.site\/w\/electronica-en-la-pampa-memoria-crecimiento-y-desafio\/\" aria-label=\"Read more about ELECTR\u00d3NICA EN LA PAMPA: MEMORIA, CRECIMIENTO Y DESAF\u00cdO\" tabindex=\"-1\" >\n\t\t\tLeer M\u00e1s... \u00bb\t\t<\/a>\n\n\t\t\t\t\t<\/div>\n\t\t\t\t<\/div>\n\t\t\t\t<\/article>\n\t\t\t\t<article class=\"elementor-post elementor-grid-item post-163 post type-post status-publish format-standard hentry category-blog-noticias\" role=\"listitem\">\n\t\t\t\t<div class=\"elementor-post__text\">\n\t\t\t\t<h2 class=\"elementor-post__title\">\n\t\t\t<a href=\"https:\/\/sensationsradio.site\/w\/pro\/\" >\n\t\t\t\tPro\t\t\t<\/a>\n\t\t<\/h2>\n\t\t\t\t<div class=\"elementor-post__meta-data\">\n\t\t\t\t\t<span class=\"elementor-post-date\">\n\t\t\t5 febrero, 2026\t\t<\/span>\n\t\t\t\t<span class=\"elementor-post-avatar\">\n\t\t\tNo hay comentarios\t\t<\/span>\n\t\t\t\t<\/div>\n\t\t\t\t<div class=\"elementor-post__excerpt\">\n\t\t\t<p>Probando el nuevo blog Mas ande otro criollo pasa Mart\u00edn Fierro ha de pasar, Nada la hace recular Ni las fantasmas lo espantan; Y dende<\/p>\n\t\t<\/div>\n\t\t\t\t\t<div class=\"elementor-post__read-more-wrapper\">\n\t\t\n\t\t<a class=\"elementor-post__read-more\" href=\"https:\/\/sensationsradio.site\/w\/pro\/\" aria-label=\"Read more about Pro\" tabindex=\"-1\" >\n\t\t\tLeer M\u00e1s... \u00bb\t\t<\/a>\n\n\t\t\t\t\t<\/div>\n\t\t\t\t<\/div>\n\t\t\t\t<\/article>\n\t\t\t\t<\/div>\n\t\t\n\t\t\t\t\t\t<\/div>\n\t\t\t\t<\/div>\n\t\t\t\t<\/div>\n\t\t<div class=\"elementor-element elementor-element-f2387c6 e-con-full e-flex e-con e-child\" data-id=\"f2387c6\" data-element_type=\"container\" data-e-type=\"container\">\n\t\t\t\t<\/div>\n\t\t\t\t\t<\/div>\n\t\t\t\t<\/div>\n\t\t\t\t<\/div>\n\t\t","protected":false},"excerpt":{"rendered":"<p>Coberturas, novedades y lanzamientos<\/p>\n","protected":false},"author":1,"featured_media":0,"parent":0,"menu_order":0,"comment_status":"closed","ping_status":"closed","template":"","meta":{"footnotes":""},"class_list":["post-29","page","type-page","status-publish","hentry"],"_links":{"self":[{"href":"https:\/\/sensationsradio.site\/w\/wp-json\/wp\/v2\/pages\/29","targetHints":{"allow":["GET"]}}],"collection":[{"href":"https:\/\/sensationsradio.site\/w\/wp-json\/wp\/v2\/pages"}],"about":[{"href":"https:\/\/sensationsradio.site\/w\/wp-json\/wp\/v2\/types\/page"}],"author":[{"embeddable":true,"href":"https:\/\/sensationsradio.site\/w\/wp-json\/wp\/v2\/users\/1"}],"replies":[{"embeddable":true,"href":"https:\/\/sensationsradio.site\/w\/wp-json\/wp\/v2\/comments?post=29"}],"version-history":[{"count":38,"href":"https:\/\/sensationsradio.site\/w\/wp-json\/wp\/v2\/pages\/29\/revisions"}],"predecessor-version":[{"id":422,"href":"https:\/\/sensationsradio.site\/w\/wp-json\/wp\/v2\/pages\/29\/revisions\/422"}],"wp:attachment":[{"href":"https:\/\/sensationsradio.site\/w\/wp-json\/wp\/v2\/media?parent=29"}],"curies":[{"name":"wp","href":"https:\/\/api.w.org\/{rel}","templated":true}]}}