{"id":25,"date":"2026-02-04T22:31:58","date_gmt":"2026-02-05T01:31:58","guid":{"rendered":"https:\/\/sensationsradio.free.nf\/w\/?page_id=25"},"modified":"2026-02-14T08:19:01","modified_gmt":"2026-02-14T11:19:01","slug":"inicio","status":"publish","type":"page","link":"https:\/\/sensationsradio.site\/w\/","title":{"rendered":"Inicio"},"content":{"rendered":"\t\t<div data-elementor-type=\"wp-page\" data-elementor-id=\"25\" class=\"elementor elementor-25\" data-elementor-post-type=\"page\">\n\t\t\t\t<div class=\"elementor-element elementor-element-a09d585 e-con-full e-flex e-con e-parent\" data-id=\"a09d585\" data-element_type=\"container\" data-e-type=\"container\" data-settings=\"{&quot;background_background&quot;:&quot;slideshow&quot;,&quot;background_slideshow_gallery&quot;:[{&quot;id&quot;:354,&quot;url&quot;:&quot;https:\\\/\\\/sensationsradio.site\\\/w\\\/wp-content\\\/uploads\\\/2026\\\/02\\\/activedia-crowd-1056764_1280.jpg&quot;}],&quot;background_slideshow_loop&quot;:&quot;yes&quot;,&quot;background_slideshow_slide_duration&quot;:5000,&quot;background_slideshow_slide_transition&quot;:&quot;fade&quot;,&quot;background_slideshow_transition_duration&quot;:500}\">\n\t\t<div class=\"elementor-element elementor-element-8e3b115 e-grid e-con-boxed e-con e-child\" data-id=\"8e3b115\" data-element_type=\"container\" data-e-type=\"container\">\n\t\t\t\t\t<div class=\"e-con-inner\">\n\t\t\t\t<div class=\"elementor-element elementor-element-a07a123 elementor-widget elementor-widget-image\" data-id=\"a07a123\" data-element_type=\"widget\" data-e-type=\"widget\" data-widget_type=\"image.default\">\n\t\t\t\t\t\t\t\t\t\t\t\t\t\t\t<img fetchpriority=\"high\" decoding=\"async\" width=\"500\" height=\"500\" src=\"https:\/\/sensationsradio.site\/w\/wp-content\/uploads\/2026\/02\/WhatsApp_Image_2026-02-07_at_2.43.40_PM-removebg-preview.png\" class=\"attachment-large size-large wp-image-231\" alt=\"\" srcset=\"https:\/\/sensationsradio.site\/w\/wp-content\/uploads\/2026\/02\/WhatsApp_Image_2026-02-07_at_2.43.40_PM-removebg-preview.png 500w, https:\/\/sensationsradio.site\/w\/wp-content\/uploads\/2026\/02\/WhatsApp_Image_2026-02-07_at_2.43.40_PM-removebg-preview-300x300.png 300w, https:\/\/sensationsradio.site\/w\/wp-content\/uploads\/2026\/02\/WhatsApp_Image_2026-02-07_at_2.43.40_PM-removebg-preview-150x150.png 150w\" sizes=\"(max-width: 500px) 100vw, 500px\" \/>\t\t\t\t\t\t\t\t\t\t\t\t\t\t\t<\/div>\n\t\t\t\t\t<\/div>\n\t\t\t\t<\/div>\n\t\t\t\t<\/div>\n\t\t<div class=\"elementor-element elementor-element-826a7b9 e-con-full e-flex e-con e-parent\" data-id=\"826a7b9\" data-element_type=\"container\" data-e-type=\"container\" data-settings=\"{&quot;background_background&quot;:&quot;classic&quot;}\">\n\t\t<div class=\"elementor-element elementor-element-227ecb5 e-con-full e-flex e-con e-child\" data-id=\"227ecb5\" data-element_type=\"container\" data-e-type=\"container\" data-settings=\"{&quot;background_background&quot;:&quot;classic&quot;}\">\n\t\t\t\t<div class=\"elementor-element elementor-element-6d98ba1 elementor-widget elementor-widget-heading\" data-id=\"6d98ba1\" data-element_type=\"widget\" data-e-type=\"widget\" data-widget_type=\"heading.default\">\n\t\t\t\t\t<h2 class=\"elementor-heading-title elementor-size-default\">NOTICIAS,NOTAS Y M\u00c1S ...<\/h2>\t\t\t\t<\/div>\n\t\t\t\t<div class=\"elementor-element elementor-element-cc43f27 elementor-widget elementor-widget-text-editor\" data-id=\"cc43f27\" data-element_type=\"widget\" data-e-type=\"widget\" data-widget_type=\"text-editor.default\">\n\t\t\t\t\t\t\t\t\t<p data-start=\"346\" data-end=\"582\">Sensations Radio es un espacio dedicado a la cultura electr\u00f3nica, donde la m\u00fasica se transforma en comunidad.<br data-start=\"184\" data-end=\"187\" \/>Compartimos noticias, lanzamientos y miradas sobre lo que sucede en La Pampa y en el mundo, acompa\u00f1ando a artistas y movimientos que marcan el pulso de la escena.<\/p>\t\t\t\t\t\t\t\t<\/div>\n\t\t\t\t<div class=\"elementor-element elementor-element-c59e8f1 elementor-align-center elementor-widget elementor-widget-button\" data-id=\"c59e8f1\" data-element_type=\"widget\" data-e-type=\"widget\" data-widget_type=\"button.default\">\n\t\t\t\t\t\t\t\t\t\t<a class=\"elementor-button elementor-button-link elementor-size-sm\" href=\"https:\/\/sensationsradio.site\/w\/blog\">\n\t\t\t\t\t\t<span class=\"elementor-button-content-wrapper\">\n\t\t\t\t\t\t\t\t\t<span class=\"elementor-button-text\">Blog noticias<\/span>\n\t\t\t\t\t<\/span>\n\t\t\t\t\t<\/a>\n\t\t\t\t\t\t\t\t<\/div>\n\t\t\t\t<\/div>\n\t\t<div class=\"elementor-element elementor-element-7fbfa7f e-con-full e-flex e-con e-child\" data-id=\"7fbfa7f\" data-element_type=\"container\" data-e-type=\"container\" data-settings=\"{&quot;background_background&quot;:&quot;classic&quot;}\">\n\t\t\t\t<div class=\"elementor-element elementor-element-248d79e elementor-widget elementor-widget-heading\" data-id=\"248d79e\" data-element_type=\"widget\" data-e-type=\"widget\" data-widget_type=\"heading.default\">\n\t\t\t\t\t<h2 class=\"elementor-heading-title elementor-size-default\">NUESTRAS ENTREVISTAS<\/h2>\t\t\t\t<\/div>\n\t\t\t\t<div class=\"elementor-element elementor-element-d258479 elementor-widget elementor-widget-text-editor\" data-id=\"d258479\" data-element_type=\"widget\" data-e-type=\"widget\" data-widget_type=\"text-editor.default\">\n\t\t\t\t\t\t\t\t\t<p>Accede a todas las entrevistas que tenemos disponibles!<\/p><p>\u00a0<\/p>\t\t\t\t\t\t\t\t<\/div>\n\t\t\t\t<div class=\"elementor-element elementor-element-5de19b5 elementor-align-center elementor-widget elementor-widget-button\" data-id=\"5de19b5\" data-element_type=\"widget\" data-e-type=\"widget\" data-widget_type=\"button.default\">\n\t\t\t\t\t\t\t\t\t\t<a class=\"elementor-button elementor-button-link elementor-size-sm\" href=\"https:\/\/sensationsradio.site\/w\/blog\">\n\t\t\t\t\t\t<span class=\"elementor-button-content-wrapper\">\n\t\t\t\t\t\t\t\t\t<span class=\"elementor-button-text\">Entrevistas<\/span>\n\t\t\t\t\t<\/span>\n\t\t\t\t\t<\/a>\n\t\t\t\t\t\t\t\t<\/div>\n\t\t\t\t<\/div>\n\t\t<div class=\"elementor-element elementor-element-7e9e11a e-con-full e-flex e-con e-child\" data-id=\"7e9e11a\" data-element_type=\"container\" data-e-type=\"container\" data-settings=\"{&quot;background_background&quot;:&quot;classic&quot;}\">\n\t\t\t\t<div class=\"elementor-element elementor-element-2d038bf elementor-widget elementor-widget-heading\" data-id=\"2d038bf\" data-element_type=\"widget\" data-e-type=\"widget\" data-widget_type=\"heading.default\">\n\t\t\t\t\t<h2 class=\"elementor-heading-title elementor-size-default\">NUESTRA HISTORIA<\/h2>\t\t\t\t<\/div>\n\t\t\t\t<div class=\"elementor-element elementor-element-72283e8 elementor-widget elementor-widget-text-editor\" data-id=\"72283e8\" data-element_type=\"widget\" data-e-type=\"widget\" data-widget_type=\"text-editor.default\">\n\t\t\t\t\t\t\t\t\t<p><strong data-start=\"1005\" data-end=\"1056\">Un recorrido que une m\u00fasica, escena y personas.<\/strong><br data-start=\"1056\" data-end=\"1059\" \/>Sensations Radio creci\u00f3 junto a la cultura electr\u00f3nica, atravesando etapas, regresos y encuentros con artistas que marcaron el camino.<\/p>\t\t\t\t\t\t\t\t<\/div>\n\t\t\t\t<div class=\"elementor-element elementor-element-a339d4c elementor-align-center elementor-widget elementor-widget-button\" data-id=\"a339d4c\" data-element_type=\"widget\" data-e-type=\"widget\" data-widget_type=\"button.default\">\n\t\t\t\t\t\t\t\t\t\t<a class=\"elementor-button elementor-button-link elementor-size-sm\" href=\"https:\/\/sensationsradio.site\/w\/historia\/\">\n\t\t\t\t\t\t<span class=\"elementor-button-content-wrapper\">\n\t\t\t\t\t\t\t\t\t<span class=\"elementor-button-text\">Nosotros<\/span>\n\t\t\t\t\t<\/span>\n\t\t\t\t\t<\/a>\n\t\t\t\t\t\t\t\t<\/div>\n\t\t\t\t<\/div>\n\t\t\t\t<\/div>\n\t\t<div class=\"elementor-element elementor-element-f0d3e97 e-con-full e-flex e-con e-parent\" data-id=\"f0d3e97\" data-element_type=\"container\" data-e-type=\"container\" data-settings=\"{&quot;background_background&quot;:&quot;classic&quot;}\">\n\t\t\t\t<div class=\"elementor-element elementor-element-cbb586a elementor-widget elementor-widget-heading\" data-id=\"cbb586a\" data-element_type=\"widget\" data-e-type=\"widget\" data-widget_type=\"heading.default\">\n\t\t\t\t\t<h2 class=\"elementor-heading-title elementor-size-default\">Lo \u00faltimo en Sensations Radio\n<\/h2>\t\t\t\t<\/div>\n\t\t<div class=\"elementor-element elementor-element-7603306 e-flex e-con-boxed e-con e-child\" data-id=\"7603306\" data-element_type=\"container\" data-e-type=\"container\">\n\t\t\t\t\t<div class=\"e-con-inner\">\n\t\t<div class=\"elementor-element elementor-element-a064254 e-con-full e-flex e-con e-child\" data-id=\"a064254\" data-element_type=\"container\" data-e-type=\"container\">\n\t\t\t\t<div class=\"elementor-element elementor-element-2aa7ea7 elementor-widget elementor-widget-heading\" data-id=\"2aa7ea7\" data-element_type=\"widget\" data-e-type=\"widget\" data-widget_type=\"heading.default\">\n\t\t\t\t\t<h3 class=\"elementor-heading-title elementor-size-default\">\ud83d\udcf0 \u00daltimas Noticias<\/h3>\t\t\t\t<\/div>\n\t\t\t\t<div class=\"elementor-element elementor-element-a6a2831 elementor-grid-1 elementor-grid-tablet-2 elementor-grid-mobile-1 elementor-posts--thumbnail-top elementor-widget elementor-widget-posts\" data-id=\"a6a2831\" data-element_type=\"widget\" data-e-type=\"widget\" data-settings=\"{&quot;classic_columns&quot;:&quot;1&quot;,&quot;classic_columns_tablet&quot;:&quot;2&quot;,&quot;classic_columns_mobile&quot;:&quot;1&quot;,&quot;classic_row_gap&quot;:{&quot;unit&quot;:&quot;px&quot;,&quot;size&quot;:35,&quot;sizes&quot;:[]},&quot;classic_row_gap_tablet&quot;:{&quot;unit&quot;:&quot;px&quot;,&quot;size&quot;:&quot;&quot;,&quot;sizes&quot;:[]},&quot;classic_row_gap_mobile&quot;:{&quot;unit&quot;:&quot;px&quot;,&quot;size&quot;:&quot;&quot;,&quot;sizes&quot;:[]}}\" data-widget_type=\"posts.classic\">\n\t\t\t\t<div class=\"elementor-widget-container\">\n\t\t\t\t\t\t\t<div class=\"elementor-posts-container elementor-posts elementor-posts--skin-classic elementor-grid\" role=\"list\">\n\t\t\t\t<article class=\"elementor-post elementor-grid-item post-428 post type-post status-publish format-standard hentry category-blog-noticias\" role=\"listitem\">\n\t\t\t\t<div class=\"elementor-post__text\">\n\t\t\t\t<h3 class=\"elementor-post__title\">\n\t\t\t<a href=\"https:\/\/sensationsradio.site\/w\/a-10-anos-de-la-tragedia-de-time-warp-memoria-conciencia-y-respeto\/\" >\n\t\t\t\tA 10 A\u00d1OS DE LA TRAGEDIA DE TIME WARP: MEMORIA, CONCIENCIA Y RESPETO.\t\t\t<\/a>\n\t\t<\/h3>\n\t\t\t\t<div class=\"elementor-post__meta-data\">\n\t\t\t\t\t<span class=\"elementor-post-date\">\n\t\t\t16 abril, 2026\t\t<\/span>\n\t\t\t\t<span class=\"elementor-post-avatar\">\n\t\t\tNo hay comentarios\t\t<\/span>\n\t\t\t\t<\/div>\n\t\t\t\t<div class=\"elementor-post__excerpt\">\n\t\t\t<p>El 16 de abril de 2016, en Costa Salguero. Esa noche murieron cinco j\u00f3venes (y luego un sexto) por consumo de drogas sint\u00e9ticas en un<\/p>\n\t\t<\/div>\n\t\t\t\t\t<div class=\"elementor-post__read-more-wrapper\">\n\t\t\n\t\t<a class=\"elementor-post__read-more\" href=\"https:\/\/sensationsradio.site\/w\/a-10-anos-de-la-tragedia-de-time-warp-memoria-conciencia-y-respeto\/\" aria-label=\"Read more about A 10 A\u00d1OS DE LA TRAGEDIA DE TIME WARP: MEMORIA, CONCIENCIA Y RESPETO.\" tabindex=\"-1\" >\n\t\t\tLeer M\u00e1s \u00bb\t\t<\/a>\n\n\t\t\t\t\t<\/div>\n\t\t\t\t<\/div>\n\t\t\t\t<\/article>\n\t\t\t\t<\/div>\n\t\t\n\t\t\t\t\t\t<\/div>\n\t\t\t\t<\/div>\n\t\t\t\t<\/div>\n\t\t<div class=\"elementor-element elementor-element-9fbcc75 e-con-full e-flex e-con e-child\" data-id=\"9fbcc75\" data-element_type=\"container\" data-e-type=\"container\">\n\t\t\t\t<div class=\"elementor-element elementor-element-6b3ac6d elementor-widget elementor-widget-heading\" data-id=\"6b3ac6d\" data-element_type=\"widget\" data-e-type=\"widget\" data-widget_type=\"heading.default\">\n\t\t\t\t\t<h3 class=\"elementor-heading-title elementor-size-default\">\ud83c\udf99 \u00daltimas Entrevistas<\/h3>\t\t\t\t<\/div>\n\t\t\t\t<div class=\"elementor-element elementor-element-80d882e elementor-grid-1 elementor-grid-tablet-2 elementor-grid-mobile-1 elementor-posts--thumbnail-top elementor-widget elementor-widget-posts\" data-id=\"80d882e\" data-element_type=\"widget\" data-e-type=\"widget\" data-settings=\"{&quot;classic_columns&quot;:&quot;1&quot;,&quot;classic_columns_tablet&quot;:&quot;2&quot;,&quot;classic_columns_mobile&quot;:&quot;1&quot;,&quot;classic_row_gap&quot;:{&quot;unit&quot;:&quot;px&quot;,&quot;size&quot;:35,&quot;sizes&quot;:[]},&quot;classic_row_gap_tablet&quot;:{&quot;unit&quot;:&quot;px&quot;,&quot;size&quot;:&quot;&quot;,&quot;sizes&quot;:[]},&quot;classic_row_gap_mobile&quot;:{&quot;unit&quot;:&quot;px&quot;,&quot;size&quot;:&quot;&quot;,&quot;sizes&quot;:[]}}\" data-widget_type=\"posts.classic\">\n\t\t\t\t<div class=\"elementor-widget-container\">\n\t\t\t\t\t\t\t<div class=\"elementor-posts-container elementor-posts elementor-posts--skin-classic elementor-grid\" role=\"list\">\n\t\t\t\t<article class=\"elementor-post elementor-grid-item post-200 post type-post status-publish format-standard hentry category-entrevistas\" role=\"listitem\">\n\t\t\t\t<div class=\"elementor-post__text\">\n\t\t\t\t<h3 class=\"elementor-post__title\">\n\t\t\t<a href=\"https:\/\/sensationsradio.site\/w\/dj-chus-en-exclusiva-desde-madrid-hablando-con-sensations\/\" >\n\t\t\t\t\u00a1DJ CHUS EN EXCLUSIVA DESDE MADRID, HABLANDO CON SENSATIONS!\t\t\t<\/a>\n\t\t<\/h3>\n\t\t\t\t<div class=\"elementor-post__meta-data\">\n\t\t\t\t\t<span class=\"elementor-post-date\">\n\t\t\t7 febrero, 2026\t\t<\/span>\n\t\t\t\t<span class=\"elementor-post-avatar\">\n\t\t\tNo hay comentarios\t\t<\/span>\n\t\t\t\t<\/div>\n\t\t\t\t<div class=\"elementor-post__excerpt\">\n\t\t\t<p>\u00daltimo podcast del a\u00f1o, \u00a1y lo despedimos de la mejor manera!, tuvimos la palabra de DJ CHUS\u00a0 , en exclusiva desde Madrid, Espa\u00f1a , conversamos<\/p>\n\t\t<\/div>\n\t\t\t\t\t<div class=\"elementor-post__read-more-wrapper\">\n\t\t\n\t\t<a class=\"elementor-post__read-more\" href=\"https:\/\/sensationsradio.site\/w\/dj-chus-en-exclusiva-desde-madrid-hablando-con-sensations\/\" aria-label=\"Read more about \u00a1DJ CHUS EN EXCLUSIVA DESDE MADRID, HABLANDO CON SENSATIONS!\" tabindex=\"-1\" >\n\t\t\tLeer M\u00e1s \u00bb\t\t<\/a>\n\n\t\t\t\t\t<\/div>\n\t\t\t\t<\/div>\n\t\t\t\t<\/article>\n\t\t\t\t<\/div>\n\t\t\n\t\t\t\t\t\t<\/div>\n\t\t\t\t<\/div>\n\t\t\t\t<\/div>\n\t\t\t\t\t<\/div>\n\t\t\t\t<\/div>\n\t\t\t\t<\/div>\n\t\t<div class=\"elementor-element elementor-element-91dcfba e-flex e-con-boxed e-con e-parent\" data-id=\"91dcfba\" data-element_type=\"container\" data-e-type=\"container\">\n\t\t\t\t\t<div class=\"e-con-inner\">\n\t\t\t\t\t<\/div>\n\t\t\t\t<\/div>\n\t\t\t\t<\/div>\n\t\t","protected":false},"excerpt":{"rendered":"<p>NOTICIAS,NOTAS Y M\u00c1S &#8230; Sensations Radio es un espacio dedicado a la cultura electr\u00f3nica, donde la m\u00fasica se transforma en comunidad.Compartimos noticias, lanzamientos y miradas sobre lo que sucede en La Pampa y en el mundo, acompa\u00f1ando a artistas y movimientos que marcan el pulso de la escena. Blog noticias NUESTRAS ENTREVISTAS Accede a todas [&hellip;]<\/p>\n","protected":false},"author":1,"featured_media":0,"parent":0,"menu_order":0,"comment_status":"closed","ping_status":"closed","template":"","meta":{"footnotes":""},"class_list":["post-25","page","type-page","status-publish","hentry"],"_links":{"self":[{"href":"https:\/\/sensationsradio.site\/w\/wp-json\/wp\/v2\/pages\/25","targetHints":{"allow":["GET"]}}],"collection":[{"href":"https:\/\/sensationsradio.site\/w\/wp-json\/wp\/v2\/pages"}],"about":[{"href":"https:\/\/sensationsradio.site\/w\/wp-json\/wp\/v2\/types\/page"}],"author":[{"embeddable":true,"href":"https:\/\/sensationsradio.site\/w\/wp-json\/wp\/v2\/users\/1"}],"replies":[{"embeddable":true,"href":"https:\/\/sensationsradio.site\/w\/wp-json\/wp\/v2\/comments?post=25"}],"version-history":[{"count":155,"href":"https:\/\/sensationsradio.site\/w\/wp-json\/wp\/v2\/pages\/25\/revisions"}],"predecessor-version":[{"id":375,"href":"https:\/\/sensationsradio.site\/w\/wp-json\/wp\/v2\/pages\/25\/revisions\/375"}],"wp:attachment":[{"href":"https:\/\/sensationsradio.site\/w\/wp-json\/wp\/v2\/media?parent=25"}],"curies":[{"name":"wp","href":"https:\/\/api.w.org\/{rel}","templated":true}]}}