{"id":246,"date":"2026-02-08T19:49:04","date_gmt":"2026-02-08T22:49:04","guid":{"rendered":"https:\/\/sensationsradio.free.nf\/w\/?page_id=246"},"modified":"2026-03-01T11:20:26","modified_gmt":"2026-03-01T14:20:26","slug":"historia","status":"publish","type":"page","link":"https:\/\/sensationsradio.site\/w\/historia\/","title":{"rendered":"Historia"},"content":{"rendered":"\t\t<div data-elementor-type=\"wp-page\" data-elementor-id=\"246\" class=\"elementor elementor-246\" data-elementor-post-type=\"page\">\n\t\t\t\t<div class=\"elementor-element elementor-element-dc47d82 e-flex e-con-boxed e-con e-parent\" data-id=\"dc47d82\" data-element_type=\"container\" data-e-type=\"container\">\n\t\t\t\t\t<div class=\"e-con-inner\">\n\t\t<div class=\"elementor-element elementor-element-c572efb e-con-full e-flex e-con e-child\" data-id=\"c572efb\" data-element_type=\"container\" data-e-type=\"container\">\n\t\t<div class=\"elementor-element elementor-element-2cee066 e-grid e-con-full e-con e-child\" data-id=\"2cee066\" data-element_type=\"container\" data-e-type=\"container\" data-settings=\"{&quot;background_background&quot;:&quot;slideshow&quot;,&quot;background_slideshow_gallery&quot;:[{&quot;id&quot;:398,&quot;url&quot;:&quot;https:\\\/\\\/sensationsradio.site\\\/w\\\/wp-content\\\/uploads\\\/2026\\\/03\\\/belindner-dj-1541429_1280.jpg&quot;}],&quot;background_slideshow_loop&quot;:&quot;yes&quot;,&quot;background_slideshow_slide_duration&quot;:5000,&quot;background_slideshow_slide_transition&quot;:&quot;fade&quot;,&quot;background_slideshow_transition_duration&quot;:500}\">\n\t\t\t\t<\/div>\n\t\t\t\t<\/div>\n\t\t\t\t<div class=\"elementor-element elementor-element-f998c7c elementor-widget elementor-widget-heading\" data-id=\"f998c7c\" data-element_type=\"widget\" data-e-type=\"widget\" data-widget_type=\"heading.default\">\n\t\t\t\t\t<h2 class=\"elementor-heading-title elementor-size-default\">Nuestra Historia<\/h2>\t\t\t\t<\/div>\n\t\t\t\t\t<\/div>\n\t\t\t\t<\/div>\n\t\t<div class=\"elementor-element elementor-element-e20d55d e-flex e-con-boxed e-con e-parent\" data-id=\"e20d55d\" data-element_type=\"container\" data-e-type=\"container\">\n\t\t\t\t\t<div class=\"e-con-inner\">\n\t\t<div class=\"elementor-element elementor-element-792513d e-con-full e-flex e-con e-child\" data-id=\"792513d\" data-element_type=\"container\" data-e-type=\"container\">\n\t\t\t\t<div class=\"elementor-element elementor-element-4f6e80f elementor-widget elementor-widget-text-editor\" data-id=\"4f6e80f\" data-element_type=\"widget\" data-e-type=\"widget\" data-widget_type=\"text-editor.default\">\n\t\t\t\t\t\t\t\t\t<p><strong><em data-start=\"812\" data-end=\"894\">Conoc\u00e9 el recorrido, los momentos clave y quienes fueron parte de esta historia.<\/em><\/strong><\/p>\t\t\t\t\t\t\t\t<\/div>\n\t\t\t\t<div class=\"elementor-element elementor-element-9d33319 elementor-widget elementor-widget-text-editor\" data-id=\"9d33319\" data-element_type=\"widget\" data-e-type=\"widget\" data-widget_type=\"text-editor.default\">\n\t\t\t\t\t\t\t\t\t<p data-start=\"204\" data-end=\"544\">Sensations Radio naci\u00f3 con la idea de difundir la m\u00fasica electr\u00f3nica cuando todav\u00eda era una escena en crecimiento en La Pampa. A lo largo de los a\u00f1os, el proyecto atraves\u00f3 distintas etapas, pausas y regresos, siempre manteniendo el mismo objetivo: dar visibilidad a artistas, propuestas y sonidos que forman parte de la cultura electr\u00f3nica.<\/p><p data-start=\"546\" data-end=\"807\">Desde sus primeros pasos en la radio local hasta su consolidaci\u00f3n como espacio independiente, Sensations Radio fue construyendo una historia marcada por la pasi\u00f3n, la conexi\u00f3n con la escena y el trabajo colectivo junto a DJs, productores y referentes invitados.<\/p>\t\t\t\t\t\t\t\t<\/div>\n\t\t\t\t<\/div>\n\t\t\t\t\t<\/div>\n\t\t\t\t<\/div>\n\t\t<div class=\"elementor-element elementor-element-d091d64 e-grid e-con-full e-con e-parent\" data-id=\"d091d64\" data-element_type=\"container\" data-e-type=\"container\">\n\t\t<div class=\"elementor-element elementor-element-65ee60b e-con-full e-flex e-con e-child\" data-id=\"65ee60b\" data-element_type=\"container\" data-e-type=\"container\" data-settings=\"{&quot;background_background&quot;:&quot;classic&quot;}\">\n\t\t\t\t<div class=\"elementor-element elementor-element-ebdeb8f elementor-widget elementor-widget-heading\" data-id=\"ebdeb8f\" data-element_type=\"widget\" data-e-type=\"widget\" data-widget_type=\"heading.default\">\n\t\t\t\t\t<h3 class=\"elementor-heading-title elementor-size-default\">2011<\/h3>\t\t\t\t<\/div>\n\t\t\t\t<div class=\"elementor-element elementor-element-e877090 elementor-widget elementor-widget-text-editor\" data-id=\"e877090\" data-element_type=\"widget\" data-e-type=\"widget\" data-widget_type=\"text-editor.default\">\n\t\t\t\t\t\t\t\t\t<p data-start=\"1982\" data-end=\"2183\"><strong data-start=\"2012\" data-end=\"2037\">Nace Sensations Radio<\/strong> en Radio Ciudad TOAY (La Pampa).<br data-start=\"2070\" data-end=\"2073\" \/>\u2022 Difundiendo m\u00fasica electr\u00f3nica donde casi no exist\u00eda escena.<br data-start=\"2135\" data-end=\"2138\" \/>\u2022 Primeros pasos y construcci\u00f3n de identidad.<\/p>\t\t\t\t\t\t\t\t<\/div>\n\t\t\t\t<\/div>\n\t\t<div class=\"elementor-element elementor-element-f03c6aa e-con-full e-flex e-con e-child\" data-id=\"f03c6aa\" data-element_type=\"container\" data-e-type=\"container\" data-settings=\"{&quot;background_background&quot;:&quot;classic&quot;}\">\n\t\t\t\t<div class=\"elementor-element elementor-element-1f2d977 elementor-widget elementor-widget-heading\" data-id=\"1f2d977\" data-element_type=\"widget\" data-e-type=\"widget\" data-widget_type=\"heading.default\">\n\t\t\t\t\t<h3 class=\"elementor-heading-title elementor-size-default\">2012\u20132021<\/h3>\t\t\t\t<\/div>\n\t\t\t\t<div class=\"elementor-element elementor-element-751a00f elementor-widget elementor-widget-text-editor\" data-id=\"751a00f\" data-element_type=\"widget\" data-e-type=\"widget\" data-widget_type=\"text-editor.default\">\n\t\t\t\t\t\t\t\t\t<p data-start=\"1982\" data-end=\"2183\"><strong data-start=\"2250\" data-end=\"2279\">Vuelta despu\u00e9s del parate<\/strong><br data-start=\"2279\" data-end=\"2282\" \/>\u2022 Regreso oficial tras la pausa.<br data-start=\"2314\" data-end=\"2317\" \/>\u2022 Vuelta a Beat Radio 91.9 (General Pico).<br data-start=\"2359\" data-end=\"2362\" \/>\u2022 Reconexi\u00f3n con la escena y nuevos proyectos.<\/p>\t\t\t\t\t\t\t\t<\/div>\n\t\t\t\t<\/div>\n\t\t<div class=\"elementor-element elementor-element-b48b62b e-con-full e-flex e-con e-child\" data-id=\"b48b62b\" data-element_type=\"container\" data-e-type=\"container\" data-settings=\"{&quot;background_background&quot;:&quot;classic&quot;}\">\n\t\t\t\t<div class=\"elementor-element elementor-element-d78bcaf elementor-widget elementor-widget-heading\" data-id=\"d78bcaf\" data-element_type=\"widget\" data-e-type=\"widget\" data-widget_type=\"heading.default\">\n\t\t\t\t\t<h3 class=\"elementor-heading-title elementor-size-default\">2022<\/h3>\t\t\t\t<\/div>\n\t\t\t\t<div class=\"elementor-element elementor-element-585910f elementor-widget elementor-widget-text-editor\" data-id=\"585910f\" data-element_type=\"widget\" data-e-type=\"widget\" data-widget_type=\"text-editor.default\">\n\t\t\t\t\t\t\t\t\t<p data-start=\"1982\" data-end=\"2183\"><strong data-start=\"2465\" data-end=\"2499\">Llegamos a Vorterix Santa Rosa<\/strong><br data-start=\"2499\" data-end=\"2502\" \/>\u2022 Mayor visibilidad a nivel local y nacional.<br data-start=\"2547\" data-end=\"2550\" \/>\u2022 Crecimiento del proyecto y nuevas audiencias.<\/p>\t\t\t\t\t\t\t\t<\/div>\n\t\t\t\t<\/div>\n\t\t<div class=\"elementor-element elementor-element-c1279e8 e-con-full e-flex e-con e-child\" data-id=\"c1279e8\" data-element_type=\"container\" data-e-type=\"container\" data-settings=\"{&quot;background_background&quot;:&quot;classic&quot;}\">\n\t\t\t\t<div class=\"elementor-element elementor-element-62a6e6e elementor-widget elementor-widget-heading\" data-id=\"62a6e6e\" data-element_type=\"widget\" data-e-type=\"widget\" data-widget_type=\"heading.default\">\n\t\t\t\t\t<h3 class=\"elementor-heading-title elementor-size-default\">2023<\/h3>\t\t\t\t<\/div>\n\t\t\t\t<div class=\"elementor-element elementor-element-cca91c9 elementor-widget elementor-widget-text-editor\" data-id=\"cca91c9\" data-element_type=\"widget\" data-e-type=\"widget\" data-widget_type=\"text-editor.default\">\n\t\t\t\t\t\t\t\t\t<p data-start=\"1982\" data-end=\"2183\"><strong data-start=\"2654\" data-end=\"2688\">En conexi\u00f3n con Tel\u00f3n Pampeano<\/strong><br data-start=\"2688\" data-end=\"2691\" \/>\u2022 Suma de editoriales escritas.<br data-start=\"2722\" data-end=\"2725\" \/>\u2022 Continuidad de entrevistas y contenido propio.<\/p>\t\t\t\t\t\t\t\t<\/div>\n\t\t\t\t<\/div>\n\t\t<div class=\"elementor-element elementor-element-6776939 e-con-full e-flex e-con e-child\" data-id=\"6776939\" data-element_type=\"container\" data-e-type=\"container\" data-settings=\"{&quot;background_background&quot;:&quot;classic&quot;}\">\n\t\t\t\t<div class=\"elementor-element elementor-element-122413a elementor-widget elementor-widget-heading\" data-id=\"122413a\" data-element_type=\"widget\" data-e-type=\"widget\" data-widget_type=\"heading.default\">\n\t\t\t\t\t<h3 class=\"elementor-heading-title elementor-size-default\">2024<\/h3>\t\t\t\t<\/div>\n\t\t\t\t<div class=\"elementor-element elementor-element-8a073bb elementor-widget elementor-widget-text-editor\" data-id=\"8a073bb\" data-element_type=\"widget\" data-e-type=\"widget\" data-widget_type=\"text-editor.default\">\n\t\t\t\t\t\t\t\t\t<p data-start=\"2800\" data-end=\"2970\"><strong data-start=\"2830\" data-end=\"2859\">Regreso a Beat Radio 91.9<\/strong><br data-start=\"2859\" data-end=\"2862\" \/>\u2022 Vuelta a la radio donde se retom\u00f3 el camino en 2021.<br data-start=\"2916\" data-end=\"2919\" \/>\u2022 Consolidaci\u00f3n de la propuesta editorial y sonora.<\/p>\t\t\t\t\t\t\t\t<\/div>\n\t\t\t\t<\/div>\n\t\t<div class=\"elementor-element elementor-element-4fe5f2c e-con-full e-flex e-con e-child\" data-id=\"4fe5f2c\" data-element_type=\"container\" data-e-type=\"container\" data-settings=\"{&quot;background_background&quot;:&quot;classic&quot;}\">\n\t\t\t\t<div class=\"elementor-element elementor-element-a972e53 elementor-widget elementor-widget-heading\" data-id=\"a972e53\" data-element_type=\"widget\" data-e-type=\"widget\" data-widget_type=\"heading.default\">\n\t\t\t\t\t<h3 class=\"elementor-heading-title elementor-size-default\">2025<\/h3>\t\t\t\t<\/div>\n\t\t\t\t<div class=\"elementor-element elementor-element-5d8d7df elementor-widget elementor-widget-text-editor\" data-id=\"5d8d7df\" data-element_type=\"widget\" data-e-type=\"widget\" data-widget_type=\"text-editor.default\">\n\t\t\t\t\t\t\t\t\t<p data-start=\"2800\" data-end=\"2970\"><strong data-start=\"3027\" data-end=\"3060\">Independencia y consolidaci\u00f3n<\/strong><br data-start=\"3060\" data-end=\"3063\" \/>\u2022 Enfoque en el sitio web.<br data-start=\"3089\" data-end=\"3092\" \/>\u2022 Presencia activa en YouTube y Spotify.<br data-start=\"3132\" data-end=\"3135\" \/>\u2022 Notas exclusivas con artistas clave.<\/p>\t\t\t\t\t\t\t\t<\/div>\n\t\t\t\t<\/div>\n\t\t<div class=\"elementor-element elementor-element-0a180ba e-con-full e-flex e-con e-child\" data-id=\"0a180ba\" data-element_type=\"container\" data-e-type=\"container\" data-settings=\"{&quot;background_background&quot;:&quot;classic&quot;}\">\n\t\t\t\t<div class=\"elementor-element elementor-element-9f50d90 elementor-widget elementor-widget-heading\" data-id=\"9f50d90\" data-element_type=\"widget\" data-e-type=\"widget\" data-widget_type=\"heading.default\">\n\t\t\t\t\t<h3 class=\"elementor-heading-title elementor-size-default\">Algunos Artistas invitados<\/h3>\t\t\t\t<\/div>\n\t\t\t\t<div class=\"elementor-element elementor-element-92ce400 elementor-widget elementor-widget-text-editor\" data-id=\"92ce400\" data-element_type=\"widget\" data-e-type=\"widget\" data-widget_type=\"text-editor.default\">\n\t\t\t\t\t\t\t\t\t<p data-start=\"2800\" data-end=\"2970\">\u2022 Javier Bussola<br data-start=\"3396\" data-end=\"3399\" \/>\u2022 Franco Bianco<br data-start=\"3414\" data-end=\"3417\" \/>\u2022 Mart\u00edn Huergo<br data-start=\"3432\" data-end=\"3435\" \/>\u2022 Carlos Alfons\u00edn<br data-start=\"3452\" data-end=\"3455\" \/>\u2022 Diego Cid<br data-start=\"3466\" data-end=\"3469\" \/>\u2022 Emiliano Folgar<br data-start=\"3486\" data-end=\"3489\" \/>\u2022 Jorge Ciccioli<br data-start=\"3505\" data-end=\"3508\" \/>\u2022 DJ Buey<br data-start=\"3517\" data-end=\"3520\" \/>\u2022 Nicol\u00e1s Rada<br data-start=\"3534\" data-end=\"3537\" \/>\u2022 DJ Chus<br data-start=\"3546\" data-end=\"3549\" \/>\u2022 Kevin Di Serna<br data-start=\"3565\" data-end=\"3568\" \/>\u2022 Nacho Bolognani<\/p>\t\t\t\t\t\t\t\t<\/div>\n\t\t\t\t<\/div>\n\t\t\t\t<\/div>\n\t\t\t\t<\/div>\n\t\t","protected":false},"excerpt":{"rendered":"<p>Nuestra Historia Conoc\u00e9 el recorrido, los momentos clave y quienes fueron parte de esta historia. Sensations Radio naci\u00f3 con la idea de difundir la m\u00fasica electr\u00f3nica cuando todav\u00eda era una escena en crecimiento en La Pampa. A lo largo de los a\u00f1os, el proyecto atraves\u00f3 distintas etapas, pausas y regresos, siempre manteniendo el mismo objetivo: [&hellip;]<\/p>\n","protected":false},"author":1,"featured_media":0,"parent":0,"menu_order":0,"comment_status":"closed","ping_status":"closed","template":"","meta":{"footnotes":""},"class_list":["post-246","page","type-page","status-publish","hentry"],"_links":{"self":[{"href":"https:\/\/sensationsradio.site\/w\/wp-json\/wp\/v2\/pages\/246","targetHints":{"allow":["GET"]}}],"collection":[{"href":"https:\/\/sensationsradio.site\/w\/wp-json\/wp\/v2\/pages"}],"about":[{"href":"https:\/\/sensationsradio.site\/w\/wp-json\/wp\/v2\/types\/page"}],"author":[{"embeddable":true,"href":"https:\/\/sensationsradio.site\/w\/wp-json\/wp\/v2\/users\/1"}],"replies":[{"embeddable":true,"href":"https:\/\/sensationsradio.site\/w\/wp-json\/wp\/v2\/comments?post=246"}],"version-history":[{"count":31,"href":"https:\/\/sensationsradio.site\/w\/wp-json\/wp\/v2\/pages\/246\/revisions"}],"predecessor-version":[{"id":404,"href":"https:\/\/sensationsradio.site\/w\/wp-json\/wp\/v2\/pages\/246\/revisions\/404"}],"wp:attachment":[{"href":"https:\/\/sensationsradio.site\/w\/wp-json\/wp\/v2\/media?parent=246"}],"curies":[{"name":"wp","href":"https:\/\/api.w.org\/{rel}","templated":true}]}}